{"id":361,"date":"2018-10-03T16:24:22","date_gmt":"2018-10-03T16:24:22","guid":{"rendered":"http:\/\/anthony-tn.com\/?page_id=361"},"modified":"2020-02-26T12:03:43","modified_gmt":"2020-02-26T12:03:43","slug":"famille-naissance","status":"publish","type":"page","link":"https:\/\/anthony-tn.com\/en\/portfolio\/famille-naissance","title":{"rendered":"Family\/Newborn"},"content":{"rendered":"<div class=\"wp-block-group alignwide\"><div class=\"wp-block-group__inner-container is-layout-flow wp-block-group-is-layout-flow\">\n<p><span style=\"font-size: 12pt;\">We all have plenty of family photos in our drawers and on our computer hard drives, but how many are we proud of and really want to hang on our walls?&nbsp;<\/span><\/p>\n<p><span style=\"font-size: 12pt;\">With digital technology, we have gained in quantity... often at the expense of quality. We shoot in all directions as soon as we have the opportunity, on vacations or weekends, but without really paying attention to what we do. Result, there is often something wrong on the picture.&nbsp;<\/span><span style=\"font-size: 12pt;\">R\u00e9sultat, il y a souvent quelque chose qui cloche sur la photo.<\/span><\/p>\n<p class=\"translation-block\">Not to mention that someone is always missing from the picture (at least the one holding the camera). As a result, these images disappear into the background of the computer as quickly as they were taken... Without ever being printed.<\/p>\n<p><span style=\"font-size: 12pt;\">With this in mind, I thought it was time to revive the tradition of the old-fashioned family portrait taken by a photographer.&nbsp;<\/span><\/p>\n<style type=\"text\/css\">\n#foogallery-gallery-469.fg-masonry { --fg-gutter: 0px; }<\/style>\n\t\t\t<div class=\"foogallery foogallery-container foogallery-masonry foogallery-lightbox-foobox fg-center fg-masonry fg-ready fg-light fg-border-thin fg-shadow-outline fg-loading-default fg-loaded-fade-in fg-caption-hover fg-hover-fade fg-hover-zoom fg-col3\" id=\"foogallery-gallery-469\" data-foogallery=\"{&quot;item&quot;:{&quot;showCaptionTitle&quot;:true,&quot;showCaptionDescription&quot;:true},&quot;lazy&quot;:true}\" style=\"--fg-title-line-clamp: 0; --fg-description-line-clamp: 0;\" >\n\t\t<div class=\"fg-column-width\"><\/div>\n\t<div class=\"fg-gutter-width\"><\/div>\n\t\t<div class=\"fg-item fg-type-image fg-idle\"><figure class=\"fg-item-inner\"><a href=\"https:\/\/anthony-tn.com\/wp-content\/uploads\/2021\/05\/ATN02623-20200112-scaled.jpg\" data-attachment-id=\"2549\" data-type=\"image\" class=\"fg-thumb\"><span class=\"fg-image-wrap\"><img fetchpriority=\"high\" decoding=\"async\" width=\"1500\" height=\"1000\" class=\"skip-lazy fg-image\" data-src-fg=\"https:\/\/anthony-tn.com\/wp-content\/uploads\/cache\/2021\/05\/ATN02623-20200112-scaled\/714670883.jpg\" src=\"data:image\/svg+xml,%3Csvg%20xmlns%3D%22http%3A%2F%2Fwww.w3.org%2F2000%2Fsvg%22%20width%3D%221500%22%20height%3D%221000%22%20viewBox%3D%220%200%201500%201000%22%3E%3C%2Fsvg%3E\" loading=\"eager\"><\/span><span class=\"fg-image-overlay\"><\/span><\/a><\/figure><div class=\"fg-loader\"><\/div><\/div><div class=\"fg-item fg-type-image fg-idle\"><figure class=\"fg-item-inner\"><a href=\"https:\/\/anthony-tn.com\/wp-content\/uploads\/2021\/05\/ATN00483-20191130-scaled.jpg\" data-attachment-id=\"2506\" data-type=\"image\" class=\"fg-thumb\"><span class=\"fg-image-wrap\"><img decoding=\"async\" width=\"1500\" height=\"2250\" class=\"skip-lazy fg-image\" data-src-fg=\"https:\/\/anthony-tn.com\/wp-content\/uploads\/cache\/2021\/05\/ATN00483-20191130-scaled\/3856455765.jpg\" src=\"data:image\/svg+xml,%3Csvg%20xmlns%3D%22http%3A%2F%2Fwww.w3.org%2F2000%2Fsvg%22%20width%3D%221500%22%20height%3D%222250%22%20viewBox%3D%220%200%201500%202250%22%3E%3C%2Fsvg%3E\" loading=\"eager\"><\/span><span class=\"fg-image-overlay\"><\/span><\/a><\/figure><div class=\"fg-loader\"><\/div><\/div><div class=\"fg-item fg-type-image fg-idle\"><figure class=\"fg-item-inner\"><a href=\"https:\/\/anthony-tn.com\/wp-content\/uploads\/2021\/05\/ATN00387-20191130-scaled.jpg\" data-attachment-id=\"2505\" data-type=\"image\" class=\"fg-thumb\"><span class=\"fg-image-wrap\"><img decoding=\"async\" width=\"1500\" height=\"2250\" class=\"skip-lazy fg-image\" data-src-fg=\"https:\/\/anthony-tn.com\/wp-content\/uploads\/cache\/2021\/05\/ATN00387-20191130-scaled\/2132123316.jpg\" src=\"data:image\/svg+xml,%3Csvg%20xmlns%3D%22http%3A%2F%2Fwww.w3.org%2F2000%2Fsvg%22%20width%3D%221500%22%20height%3D%222250%22%20viewBox%3D%220%200%201500%202250%22%3E%3C%2Fsvg%3E\" loading=\"eager\"><\/span><span class=\"fg-image-overlay\"><\/span><\/a><\/figure><div class=\"fg-loader\"><\/div><\/div><div class=\"fg-item fg-type-image fg-idle\"><figure class=\"fg-item-inner\"><a href=\"https:\/\/anthony-tn.com\/wp-content\/uploads\/2021\/05\/DSC00661-20190907-scaled.jpg\" data-attachment-id=\"2545\" data-type=\"image\" class=\"fg-thumb\"><span class=\"fg-image-wrap\"><img decoding=\"async\" width=\"1500\" height=\"1875\" class=\"skip-lazy fg-image\" data-src-fg=\"https:\/\/anthony-tn.com\/wp-content\/uploads\/cache\/2021\/05\/DSC00661-20190907-scaled\/1775178076.jpg\" src=\"data:image\/svg+xml,%3Csvg%20xmlns%3D%22http%3A%2F%2Fwww.w3.org%2F2000%2Fsvg%22%20width%3D%221500%22%20height%3D%221875%22%20viewBox%3D%220%200%201500%201875%22%3E%3C%2Fsvg%3E\" loading=\"eager\"><\/span><span class=\"fg-image-overlay\"><\/span><\/a><\/figure><div class=\"fg-loader\"><\/div><\/div><div class=\"fg-item fg-type-image fg-idle\"><figure class=\"fg-item-inner\"><a href=\"https:\/\/anthony-tn.com\/wp-content\/uploads\/2021\/05\/ATN00887-20210502-scaled.jpg\" data-attachment-id=\"2553\" data-type=\"image\" class=\"fg-thumb\"><span class=\"fg-image-wrap\"><img decoding=\"async\" width=\"1500\" height=\"1000\" class=\"skip-lazy fg-image\" data-src-fg=\"https:\/\/anthony-tn.com\/wp-content\/uploads\/cache\/2021\/05\/ATN00887-20210502-scaled\/3978224636.jpg\" src=\"data:image\/svg+xml,%3Csvg%20xmlns%3D%22http%3A%2F%2Fwww.w3.org%2F2000%2Fsvg%22%20width%3D%221500%22%20height%3D%221000%22%20viewBox%3D%220%200%201500%201000%22%3E%3C%2Fsvg%3E\" loading=\"eager\"><\/span><span class=\"fg-image-overlay\"><\/span><\/a><\/figure><div class=\"fg-loader\"><\/div><\/div><div class=\"fg-item fg-type-image fg-idle\"><figure class=\"fg-item-inner\"><a href=\"https:\/\/anthony-tn.com\/wp-content\/uploads\/2021\/05\/ATN00675-20210502-scaled.jpg\" data-attachment-id=\"2552\" data-type=\"image\" class=\"fg-thumb\"><span class=\"fg-image-wrap\"><img decoding=\"async\" width=\"1500\" height=\"1000\" class=\"skip-lazy fg-image\" data-src-fg=\"https:\/\/anthony-tn.com\/wp-content\/uploads\/cache\/2021\/05\/ATN00675-20210502-scaled\/324873302.jpg\" src=\"data:image\/svg+xml,%3Csvg%20xmlns%3D%22http%3A%2F%2Fwww.w3.org%2F2000%2Fsvg%22%20width%3D%221500%22%20height%3D%221000%22%20viewBox%3D%220%200%201500%201000%22%3E%3C%2Fsvg%3E\" loading=\"eager\"><\/span><span class=\"fg-image-overlay\"><\/span><\/a><\/figure><div class=\"fg-loader\"><\/div><\/div><div class=\"fg-item fg-type-image fg-idle\"><figure class=\"fg-item-inner\"><a href=\"https:\/\/anthony-tn.com\/wp-content\/uploads\/2021\/05\/DSC01447-20190907-scaled.jpg\" data-attachment-id=\"2548\" data-type=\"image\" class=\"fg-thumb\"><span class=\"fg-image-wrap\"><img decoding=\"async\" width=\"1500\" height=\"1000\" class=\"skip-lazy fg-image\" data-src-fg=\"https:\/\/anthony-tn.com\/wp-content\/uploads\/cache\/2021\/05\/DSC01447-20190907-scaled\/833890216.jpg\" src=\"data:image\/svg+xml,%3Csvg%20xmlns%3D%22http%3A%2F%2Fwww.w3.org%2F2000%2Fsvg%22%20width%3D%221500%22%20height%3D%221000%22%20viewBox%3D%220%200%201500%201000%22%3E%3C%2Fsvg%3E\" loading=\"eager\"><\/span><span class=\"fg-image-overlay\"><\/span><\/a><\/figure><div class=\"fg-loader\"><\/div><\/div><div class=\"fg-item fg-type-image fg-idle\"><figure class=\"fg-item-inner\"><a href=\"https:\/\/anthony-tn.com\/wp-content\/uploads\/2021\/05\/DSC01244-20190907-scaled.jpg\" data-attachment-id=\"2547\" data-type=\"image\" class=\"fg-thumb\"><span class=\"fg-image-wrap\"><img decoding=\"async\" width=\"1500\" height=\"1000\" class=\"skip-lazy fg-image\" data-src-fg=\"https:\/\/anthony-tn.com\/wp-content\/uploads\/cache\/2021\/05\/DSC01244-20190907-scaled\/3511320265.jpg\" src=\"data:image\/svg+xml,%3Csvg%20xmlns%3D%22http%3A%2F%2Fwww.w3.org%2F2000%2Fsvg%22%20width%3D%221500%22%20height%3D%221000%22%20viewBox%3D%220%200%201500%201000%22%3E%3C%2Fsvg%3E\" loading=\"eager\"><\/span><span class=\"fg-image-overlay\"><\/span><\/a><\/figure><div class=\"fg-loader\"><\/div><\/div><div class=\"fg-item fg-type-image fg-idle\"><figure class=\"fg-item-inner\"><a href=\"https:\/\/anthony-tn.com\/wp-content\/uploads\/2021\/05\/ATN00357-20191130-scaled.jpg\" data-attachment-id=\"2504\" data-type=\"image\" class=\"fg-thumb\"><span class=\"fg-image-wrap\"><img decoding=\"async\" width=\"1500\" height=\"1000\" class=\"skip-lazy fg-image\" data-src-fg=\"https:\/\/anthony-tn.com\/wp-content\/uploads\/cache\/2021\/05\/ATN00357-20191130-scaled\/2734443329.jpg\" src=\"data:image\/svg+xml,%3Csvg%20xmlns%3D%22http%3A%2F%2Fwww.w3.org%2F2000%2Fsvg%22%20width%3D%221500%22%20height%3D%221000%22%20viewBox%3D%220%200%201500%201000%22%3E%3C%2Fsvg%3E\" loading=\"eager\"><\/span><span class=\"fg-image-overlay\"><\/span><\/a><\/figure><div class=\"fg-loader\"><\/div><\/div><div class=\"fg-item fg-type-image fg-idle\"><figure class=\"fg-item-inner\"><a href=\"https:\/\/anthony-tn.com\/wp-content\/uploads\/2021\/05\/DSC07893-20181013-scaled.jpg\" data-attachment-id=\"2502\" data-type=\"image\" class=\"fg-thumb\"><span class=\"fg-image-wrap\"><img decoding=\"async\" width=\"1500\" height=\"1000\" class=\"skip-lazy fg-image\" data-src-fg=\"https:\/\/anthony-tn.com\/wp-content\/uploads\/cache\/2021\/05\/DSC07893-20181013-scaled\/3817362779.jpg\" src=\"data:image\/svg+xml,%3Csvg%20xmlns%3D%22http%3A%2F%2Fwww.w3.org%2F2000%2Fsvg%22%20width%3D%221500%22%20height%3D%221000%22%20viewBox%3D%220%200%201500%201000%22%3E%3C%2Fsvg%3E\" loading=\"eager\"><\/span><span class=\"fg-image-overlay\"><\/span><\/a><\/figure><div class=\"fg-loader\"><\/div><\/div><div class=\"fg-item fg-type-image fg-idle\"><figure class=\"fg-item-inner\"><a href=\"https:\/\/anthony-tn.com\/wp-content\/uploads\/2021\/05\/DSC00695-20190907-scaled.jpg\" data-attachment-id=\"2546\" data-type=\"image\" class=\"fg-thumb\"><span class=\"fg-image-wrap\"><img decoding=\"async\" width=\"1500\" height=\"1875\" class=\"skip-lazy fg-image\" data-src-fg=\"https:\/\/anthony-tn.com\/wp-content\/uploads\/cache\/2021\/05\/DSC00695-20190907-scaled\/3382592388.jpg\" src=\"data:image\/svg+xml,%3Csvg%20xmlns%3D%22http%3A%2F%2Fwww.w3.org%2F2000%2Fsvg%22%20width%3D%221500%22%20height%3D%221875%22%20viewBox%3D%220%200%201500%201875%22%3E%3C%2Fsvg%3E\" loading=\"eager\"><\/span><span class=\"fg-image-overlay\"><\/span><\/a><\/figure><div class=\"fg-loader\"><\/div><\/div><div class=\"fg-item fg-type-image fg-idle\"><figure class=\"fg-item-inner\"><a href=\"https:\/\/anthony-tn.com\/wp-content\/uploads\/2021\/05\/ATN00171-20210502-scaled.jpg\" data-attachment-id=\"2551\" data-type=\"image\" class=\"fg-thumb\"><span class=\"fg-image-wrap\"><img decoding=\"async\" width=\"1500\" height=\"1000\" class=\"skip-lazy fg-image\" data-src-fg=\"https:\/\/anthony-tn.com\/wp-content\/uploads\/cache\/2021\/05\/ATN00171-20210502-scaled\/2308205239.jpg\" src=\"data:image\/svg+xml,%3Csvg%20xmlns%3D%22http%3A%2F%2Fwww.w3.org%2F2000%2Fsvg%22%20width%3D%221500%22%20height%3D%221000%22%20viewBox%3D%220%200%201500%201000%22%3E%3C%2Fsvg%3E\" loading=\"eager\"><\/span><span class=\"fg-image-overlay\"><\/span><\/a><\/figure><div class=\"fg-loader\"><\/div><\/div><div class=\"fg-item fg-type-image fg-idle\"><figure class=\"fg-item-inner\"><a href=\"https:\/\/anthony-tn.com\/wp-content\/uploads\/2021\/05\/ATN02650-20200112-scaled.jpg\" data-attachment-id=\"2550\" data-type=\"image\" class=\"fg-thumb\"><span class=\"fg-image-wrap\"><img decoding=\"async\" width=\"1500\" height=\"2250\" class=\"skip-lazy fg-image\" data-src-fg=\"https:\/\/anthony-tn.com\/wp-content\/uploads\/cache\/2021\/05\/ATN02650-20200112-scaled\/945475288.jpg\" src=\"data:image\/svg+xml,%3Csvg%20xmlns%3D%22http%3A%2F%2Fwww.w3.org%2F2000%2Fsvg%22%20width%3D%221500%22%20height%3D%222250%22%20viewBox%3D%220%200%201500%202250%22%3E%3C%2Fsvg%3E\" loading=\"eager\"><\/span><span class=\"fg-image-overlay\"><\/span><\/a><\/figure><div class=\"fg-loader\"><\/div><\/div><\/div>\n<\/div><\/div>","protected":false},"excerpt":{"rendered":"<p>Des&nbsp;photos de famille,&nbsp;nous en avons tous plein les tiroirs et les disques durs d\u2019ordinateurs, mais combien dont-on soit fier et qu\u2019on ait vraiment envie d\u2019accrocher au mur ?&nbsp; Avec le&nbsp;num\u00e9rique, on a gagn\u00e9 en quantit\u00e9\u2026 souvent au d\u00e9triment de la qualit\u00e9. On mitraille&nbsp;dans tous les sens d\u00e8s qu\u2019on en a l\u2019occasion,&nbsp;en vacances ou en week-end,<a href=\"https:\/\/anthony-tn.com\/en\/portfolio\/famille-naissance\" rel=\"bookmark\">Read More &raquo;<span class=\"screen-reader-text\">Family\/Newborn<\/span><\/a><\/p>","protected":false},"author":1,"featured_media":0,"parent":19,"menu_order":0,"comment_status":"closed","ping_status":"closed","template":"","meta":{"neve_meta_sidebar":"","neve_meta_container":"","neve_meta_enable_content_width":"","neve_meta_content_width":0,"neve_meta_title_alignment":"","neve_meta_author_avatar":"","neve_post_elements_order":"","neve_meta_disable_header":"","neve_meta_disable_footer":"","neve_meta_disable_title":"","footnotes":""},"class_list":["post-361","page","type-page","status-publish","hentry"],"yoast_head":"<!-- This site is optimized with the Yoast SEO plugin v27.5 - https:\/\/yoast.com\/product\/yoast-seo-wordpress\/ -->\n<title>Famille\/Naissance - Anthony Tn<\/title>\n<meta name=\"robots\" content=\"index, follow, max-snippet:-1, max-image-preview:large, max-video-preview:-1\" \/>\n<link rel=\"canonical\" href=\"https:\/\/anthony-tn.com\/en\/portfolio\/famille-naissance\/\" \/>\n<meta property=\"og:locale\" content=\"en_US\" \/>\n<meta property=\"og:type\" content=\"article\" \/>\n<meta property=\"og:title\" content=\"Famille\/Naissance - Anthony Tn\" \/>\n<meta property=\"og:description\" content=\"Des&nbsp;photos de famille,&nbsp;nous en avons tous plein les tiroirs et les disques durs d\u2019ordinateurs, mais combien dont-on soit fier et qu\u2019on ait vraiment envie d\u2019accrocher au mur ?&nbsp; Avec le&nbsp;num\u00e9rique, on a gagn\u00e9 en quantit\u00e9\u2026 souvent au d\u00e9triment de la qualit\u00e9. On mitraille&nbsp;dans tous les sens d\u00e8s qu\u2019on en a l\u2019occasion,&nbsp;en vacances ou en week-end,Read More &raquo;Famille\/Naissance\" \/>\n<meta property=\"og:url\" content=\"https:\/\/anthony-tn.com\/en\/portfolio\/famille-naissance\/\" \/>\n<meta property=\"og:site_name\" content=\"Anthony Tn\" \/>\n<meta property=\"article:modified_time\" content=\"2020-02-26T12:03:43+00:00\" \/>\n<meta name=\"twitter:card\" content=\"summary_large_image\" \/>\n<meta name=\"twitter:label1\" content=\"Est. reading time\" \/>\n\t<meta name=\"twitter:data1\" content=\"1 minute\" \/>\n<script type=\"application\/ld+json\" class=\"yoast-schema-graph\">{\"@context\":\"https:\\\/\\\/schema.org\",\"@graph\":[{\"@type\":\"WebPage\",\"@id\":\"https:\\\/\\\/anthony-tn.com\\\/portfolio\\\/famille-naissance\",\"url\":\"https:\\\/\\\/anthony-tn.com\\\/portfolio\\\/famille-naissance\",\"name\":\"Famille\\\/Naissance - Anthony Tn\",\"isPartOf\":{\"@id\":\"https:\\\/\\\/anthony-tn.com\\\/#website\"},\"datePublished\":\"2018-10-03T16:24:22+00:00\",\"dateModified\":\"2020-02-26T12:03:43+00:00\",\"breadcrumb\":{\"@id\":\"https:\\\/\\\/anthony-tn.com\\\/portfolio\\\/famille-naissance#breadcrumb\"},\"inLanguage\":\"en-US\",\"potentialAction\":[{\"@type\":\"ReadAction\",\"target\":[\"https:\\\/\\\/anthony-tn.com\\\/portfolio\\\/famille-naissance\"]}]},{\"@type\":\"BreadcrumbList\",\"@id\":\"https:\\\/\\\/anthony-tn.com\\\/portfolio\\\/famille-naissance#breadcrumb\",\"itemListElement\":[{\"@type\":\"ListItem\",\"position\":1,\"name\":\"Accueil\",\"item\":\"https:\\\/\\\/anthony-tn.com\\\/\"},{\"@type\":\"ListItem\",\"position\":2,\"name\":\"Portfolio\",\"item\":\"https:\\\/\\\/anthony-tn.com\\\/portfolio\"},{\"@type\":\"ListItem\",\"position\":3,\"name\":\"Famille\\\/Naissance\"}]},{\"@type\":\"WebSite\",\"@id\":\"https:\\\/\\\/anthony-tn.com\\\/#website\",\"url\":\"https:\\\/\\\/anthony-tn.com\\\/\",\"name\":\"Anthony Tn - Photography\",\"description\":\"Photographe pour votre \u00e9v\u00e9nement\",\"potentialAction\":[{\"@type\":\"SearchAction\",\"target\":{\"@type\":\"EntryPoint\",\"urlTemplate\":\"https:\\\/\\\/anthony-tn.com\\\/?s={search_term_string}\"},\"query-input\":{\"@type\":\"PropertyValueSpecification\",\"valueRequired\":true,\"valueName\":\"search_term_string\"}}],\"inLanguage\":\"en-US\"}]}<\/script>\n<!-- \/ Yoast SEO plugin. -->","yoast_head_json":{"title":"Famille\/Naissance - Anthony Tn","robots":{"index":"index","follow":"follow","max-snippet":"max-snippet:-1","max-image-preview":"max-image-preview:large","max-video-preview":"max-video-preview:-1"},"canonical":"https:\/\/anthony-tn.com\/en\/portfolio\/famille-naissance\/","og_locale":"en_US","og_type":"article","og_title":"Famille\/Naissance - Anthony Tn","og_description":"Des&nbsp;photos de famille,&nbsp;nous en avons tous plein les tiroirs et les disques durs d\u2019ordinateurs, mais combien dont-on soit fier et qu\u2019on ait vraiment envie d\u2019accrocher au mur ?&nbsp; Avec le&nbsp;num\u00e9rique, on a gagn\u00e9 en quantit\u00e9\u2026 souvent au d\u00e9triment de la qualit\u00e9. On mitraille&nbsp;dans tous les sens d\u00e8s qu\u2019on en a l\u2019occasion,&nbsp;en vacances ou en week-end,Read More &raquo;Famille\/Naissance","og_url":"https:\/\/anthony-tn.com\/en\/portfolio\/famille-naissance\/","og_site_name":"Anthony Tn","article_modified_time":"2020-02-26T12:03:43+00:00","twitter_card":"summary_large_image","twitter_misc":{"Est. reading time":"1 minute"},"schema":{"@context":"https:\/\/schema.org","@graph":[{"@type":"WebPage","@id":"https:\/\/anthony-tn.com\/portfolio\/famille-naissance","url":"https:\/\/anthony-tn.com\/portfolio\/famille-naissance","name":"Famille\/Naissance - Anthony Tn","isPartOf":{"@id":"https:\/\/anthony-tn.com\/#website"},"datePublished":"2018-10-03T16:24:22+00:00","dateModified":"2020-02-26T12:03:43+00:00","breadcrumb":{"@id":"https:\/\/anthony-tn.com\/portfolio\/famille-naissance#breadcrumb"},"inLanguage":"en-US","potentialAction":[{"@type":"ReadAction","target":["https:\/\/anthony-tn.com\/portfolio\/famille-naissance"]}]},{"@type":"BreadcrumbList","@id":"https:\/\/anthony-tn.com\/portfolio\/famille-naissance#breadcrumb","itemListElement":[{"@type":"ListItem","position":1,"name":"Accueil","item":"https:\/\/anthony-tn.com\/"},{"@type":"ListItem","position":2,"name":"Portfolio","item":"https:\/\/anthony-tn.com\/portfolio"},{"@type":"ListItem","position":3,"name":"Famille\/Naissance"}]},{"@type":"WebSite","@id":"https:\/\/anthony-tn.com\/#website","url":"https:\/\/anthony-tn.com\/","name":"Anthony Tn - Photography","description":"Photographe pour votre \u00e9v\u00e9nement","potentialAction":[{"@type":"SearchAction","target":{"@type":"EntryPoint","urlTemplate":"https:\/\/anthony-tn.com\/?s={search_term_string}"},"query-input":{"@type":"PropertyValueSpecification","valueRequired":true,"valueName":"search_term_string"}}],"inLanguage":"en-US"}]}},"_links":{"self":[{"href":"https:\/\/anthony-tn.com\/en\/wp-json\/wp\/v2\/pages\/361","targetHints":{"allow":["GET"]}}],"collection":[{"href":"https:\/\/anthony-tn.com\/en\/wp-json\/wp\/v2\/pages"}],"about":[{"href":"https:\/\/anthony-tn.com\/en\/wp-json\/wp\/v2\/types\/page"}],"author":[{"embeddable":true,"href":"https:\/\/anthony-tn.com\/en\/wp-json\/wp\/v2\/users\/1"}],"replies":[{"embeddable":true,"href":"https:\/\/anthony-tn.com\/en\/wp-json\/wp\/v2\/comments?post=361"}],"version-history":[{"count":5,"href":"https:\/\/anthony-tn.com\/en\/wp-json\/wp\/v2\/pages\/361\/revisions"}],"predecessor-version":[{"id":2343,"href":"https:\/\/anthony-tn.com\/en\/wp-json\/wp\/v2\/pages\/361\/revisions\/2343"}],"up":[{"embeddable":true,"href":"https:\/\/anthony-tn.com\/en\/wp-json\/wp\/v2\/pages\/19"}],"wp:attachment":[{"href":"https:\/\/anthony-tn.com\/en\/wp-json\/wp\/v2\/media?parent=361"}],"curies":[{"name":"wp","href":"https:\/\/api.w.org\/{rel}","templated":true}]}}