{"id":2850,"date":"2022-05-25T16:20:04","date_gmt":"2022-05-25T16:20:04","guid":{"rendered":"https:\/\/anthony-tn.com\/?page_id=2850"},"modified":"2022-05-25T16:24:51","modified_gmt":"2022-05-25T16:24:51","slug":"mentions-legales","status":"publish","type":"page","link":"https:\/\/anthony-tn.com\/en\/mentions-legales","title":{"rendered":"Mentions l\u00e9gales"},"content":{"rendered":"<p><strong>\u00c9DITEUR DU SITE<\/strong><\/p>\n\n\n\n<p>Editeur du site : Anthony TN<br>Adresse \u00e9lectronique : contact@anthony-tn.com<br>SIRET : 84805036500016<\/p>\n\n\n\n<p><strong>H\u00c9BERGEMENT DU SITE INTERNET<\/strong><\/p>\n\n\n\n<p>Conform\u00e9ment \u00e0 la loi, nous vous informons que :<br>Ce service Internet est h\u00e9berg\u00e9 chez :<br>1&amp;1 Internet SARL<br>7, place de la Gare<br>BP 70109<br>57201 Sarreguemines Cedex<\/p>\n\n\n\n<p><strong>LOI INFORMATIQUE ET LIBERT\u00c9S<\/strong><\/p>\n\n\n\n<p>En tant qu\u2019utilisateur, vous disposez d\u2019un droit d\u2019acc\u00e8s, de modification et de suppression de votre contribution \u00e0 ce site Internet.<br>Pour cela, merci d\u2019adresser un courrier \u00e0 l\u2019adresse indiqu\u00e9e en haut de page. Si vous le souhaitez, vous pouvez \u00e9galement exercer vos droits directement via courrier \u00e9lectronique. Pour cela, envoyez nous votre demande via la page de contact.<\/p>","protected":false},"excerpt":{"rendered":"<p>\u00c9DITEUR DU SITE Editeur du site : Anthony TNAdresse \u00e9lectronique : contact@anthony-tn.comSIRET : 84805036500016 H\u00c9BERGEMENT DU SITE INTERNET Conform\u00e9ment \u00e0 la loi, nous vous informons que :Ce service Internet est h\u00e9berg\u00e9 chez :1&amp;1 Internet SARL7, place de la GareBP 7010957201 Sarreguemines Cedex LOI INFORMATIQUE ET LIBERT\u00c9S En tant qu\u2019utilisateur, vous disposez d\u2019un droit d\u2019acc\u00e8s, de<a href=\"https:\/\/anthony-tn.com\/en\/mentions-legales\" rel=\"bookmark\">Read More &raquo;<span class=\"screen-reader-text\">Mentions l\u00e9gales<\/span><\/a><\/p>","protected":false},"author":1,"featured_media":0,"parent":0,"menu_order":0,"comment_status":"closed","ping_status":"closed","template":"","meta":{"neve_meta_sidebar":"default","neve_meta_container":"default","neve_meta_enable_content_width":"off","neve_meta_content_width":70,"neve_meta_title_alignment":"","neve_meta_author_avatar":"","neve_post_elements_order":"","neve_meta_disable_header":"","neve_meta_disable_footer":"","neve_meta_disable_title":"","footnotes":""},"class_list":["post-2850","page","type-page","status-publish","hentry"],"yoast_head":"<!-- This site is optimized with the Yoast SEO plugin v27.5 - https:\/\/yoast.com\/product\/yoast-seo-wordpress\/ -->\n<title>Mentions l\u00e9gales - Anthony Tn<\/title>\n<meta name=\"robots\" content=\"index, follow, max-snippet:-1, max-image-preview:large, max-video-preview:-1\" \/>\n<link rel=\"canonical\" href=\"https:\/\/anthony-tn.com\/en\/mentions-legales\/\" \/>\n<meta property=\"og:locale\" content=\"en_US\" \/>\n<meta property=\"og:type\" content=\"article\" \/>\n<meta property=\"og:title\" content=\"Mentions l\u00e9gales - Anthony Tn\" \/>\n<meta property=\"og:description\" content=\"\u00c9DITEUR DU SITE Editeur du site : Anthony TNAdresse \u00e9lectronique : contact@anthony-tn.comSIRET : 84805036500016 H\u00c9BERGEMENT DU SITE INTERNET Conform\u00e9ment \u00e0 la loi, nous vous informons que :Ce service Internet est h\u00e9berg\u00e9 chez :1&amp;1 Internet SARL7, place de la GareBP 7010957201 Sarreguemines Cedex LOI INFORMATIQUE ET LIBERT\u00c9S En tant qu\u2019utilisateur, vous disposez d\u2019un droit d\u2019acc\u00e8s, deRead More &raquo;Mentions l\u00e9gales\" \/>\n<meta property=\"og:url\" content=\"https:\/\/anthony-tn.com\/en\/mentions-legales\/\" \/>\n<meta property=\"og:site_name\" content=\"Anthony Tn\" \/>\n<meta property=\"article:modified_time\" content=\"2022-05-25T16:24:51+00:00\" \/>\n<meta name=\"twitter:card\" content=\"summary_large_image\" \/>\n<meta name=\"twitter:label1\" content=\"Est. reading time\" \/>\n\t<meta name=\"twitter:data1\" content=\"1 minute\" \/>\n<script type=\"application\/ld+json\" class=\"yoast-schema-graph\">{\"@context\":\"https:\\\/\\\/schema.org\",\"@graph\":[{\"@type\":\"WebPage\",\"@id\":\"https:\\\/\\\/anthony-tn.com\\\/mentions-legales\",\"url\":\"https:\\\/\\\/anthony-tn.com\\\/mentions-legales\",\"name\":\"Mentions l\u00e9gales - Anthony Tn\",\"isPartOf\":{\"@id\":\"https:\\\/\\\/anthony-tn.com\\\/#website\"},\"datePublished\":\"2022-05-25T16:20:04+00:00\",\"dateModified\":\"2022-05-25T16:24:51+00:00\",\"breadcrumb\":{\"@id\":\"https:\\\/\\\/anthony-tn.com\\\/mentions-legales#breadcrumb\"},\"inLanguage\":\"en-US\",\"potentialAction\":[{\"@type\":\"ReadAction\",\"target\":[\"https:\\\/\\\/anthony-tn.com\\\/mentions-legales\"]}]},{\"@type\":\"BreadcrumbList\",\"@id\":\"https:\\\/\\\/anthony-tn.com\\\/mentions-legales#breadcrumb\",\"itemListElement\":[{\"@type\":\"ListItem\",\"position\":1,\"name\":\"Accueil\",\"item\":\"https:\\\/\\\/anthony-tn.com\\\/\"},{\"@type\":\"ListItem\",\"position\":2,\"name\":\"Mentions l\u00e9gales\"}]},{\"@type\":\"WebSite\",\"@id\":\"https:\\\/\\\/anthony-tn.com\\\/#website\",\"url\":\"https:\\\/\\\/anthony-tn.com\\\/\",\"name\":\"Anthony Tn - Photography\",\"description\":\"Photographe pour votre \u00e9v\u00e9nement\",\"potentialAction\":[{\"@type\":\"SearchAction\",\"target\":{\"@type\":\"EntryPoint\",\"urlTemplate\":\"https:\\\/\\\/anthony-tn.com\\\/?s={search_term_string}\"},\"query-input\":{\"@type\":\"PropertyValueSpecification\",\"valueRequired\":true,\"valueName\":\"search_term_string\"}}],\"inLanguage\":\"en-US\"}]}<\/script>\n<!-- \/ Yoast SEO plugin. -->","yoast_head_json":{"title":"Mentions l\u00e9gales - Anthony Tn","robots":{"index":"index","follow":"follow","max-snippet":"max-snippet:-1","max-image-preview":"max-image-preview:large","max-video-preview":"max-video-preview:-1"},"canonical":"https:\/\/anthony-tn.com\/en\/mentions-legales\/","og_locale":"en_US","og_type":"article","og_title":"Mentions l\u00e9gales - Anthony Tn","og_description":"\u00c9DITEUR DU SITE Editeur du site : Anthony TNAdresse \u00e9lectronique : contact@anthony-tn.comSIRET : 84805036500016 H\u00c9BERGEMENT DU SITE INTERNET Conform\u00e9ment \u00e0 la loi, nous vous informons que :Ce service Internet est h\u00e9berg\u00e9 chez :1&amp;1 Internet SARL7, place de la GareBP 7010957201 Sarreguemines Cedex LOI INFORMATIQUE ET LIBERT\u00c9S En tant qu\u2019utilisateur, vous disposez d\u2019un droit d\u2019acc\u00e8s, deRead More &raquo;Mentions l\u00e9gales","og_url":"https:\/\/anthony-tn.com\/en\/mentions-legales\/","og_site_name":"Anthony Tn","article_modified_time":"2022-05-25T16:24:51+00:00","twitter_card":"summary_large_image","twitter_misc":{"Est. reading time":"1 minute"},"schema":{"@context":"https:\/\/schema.org","@graph":[{"@type":"WebPage","@id":"https:\/\/anthony-tn.com\/mentions-legales","url":"https:\/\/anthony-tn.com\/mentions-legales","name":"Mentions l\u00e9gales - Anthony Tn","isPartOf":{"@id":"https:\/\/anthony-tn.com\/#website"},"datePublished":"2022-05-25T16:20:04+00:00","dateModified":"2022-05-25T16:24:51+00:00","breadcrumb":{"@id":"https:\/\/anthony-tn.com\/mentions-legales#breadcrumb"},"inLanguage":"en-US","potentialAction":[{"@type":"ReadAction","target":["https:\/\/anthony-tn.com\/mentions-legales"]}]},{"@type":"BreadcrumbList","@id":"https:\/\/anthony-tn.com\/mentions-legales#breadcrumb","itemListElement":[{"@type":"ListItem","position":1,"name":"Accueil","item":"https:\/\/anthony-tn.com\/"},{"@type":"ListItem","position":2,"name":"Mentions l\u00e9gales"}]},{"@type":"WebSite","@id":"https:\/\/anthony-tn.com\/#website","url":"https:\/\/anthony-tn.com\/","name":"Anthony Tn - Photography","description":"Photographe pour votre \u00e9v\u00e9nement","potentialAction":[{"@type":"SearchAction","target":{"@type":"EntryPoint","urlTemplate":"https:\/\/anthony-tn.com\/?s={search_term_string}"},"query-input":{"@type":"PropertyValueSpecification","valueRequired":true,"valueName":"search_term_string"}}],"inLanguage":"en-US"}]}},"_links":{"self":[{"href":"https:\/\/anthony-tn.com\/en\/wp-json\/wp\/v2\/pages\/2850","targetHints":{"allow":["GET"]}}],"collection":[{"href":"https:\/\/anthony-tn.com\/en\/wp-json\/wp\/v2\/pages"}],"about":[{"href":"https:\/\/anthony-tn.com\/en\/wp-json\/wp\/v2\/types\/page"}],"author":[{"embeddable":true,"href":"https:\/\/anthony-tn.com\/en\/wp-json\/wp\/v2\/users\/1"}],"replies":[{"embeddable":true,"href":"https:\/\/anthony-tn.com\/en\/wp-json\/wp\/v2\/comments?post=2850"}],"version-history":[{"count":3,"href":"https:\/\/anthony-tn.com\/en\/wp-json\/wp\/v2\/pages\/2850\/revisions"}],"predecessor-version":[{"id":2855,"href":"https:\/\/anthony-tn.com\/en\/wp-json\/wp\/v2\/pages\/2850\/revisions\/2855"}],"wp:attachment":[{"href":"https:\/\/anthony-tn.com\/en\/wp-json\/wp\/v2\/media?parent=2850"}],"curies":[{"name":"wp","href":"https:\/\/api.w.org\/{rel}","templated":true}]}}