{"id":22,"date":"2018-09-27T20:05:54","date_gmt":"2018-09-27T20:05:54","guid":{"rendered":"http:\/\/anthony-tn.com\/?page_id=22"},"modified":"2022-05-24T10:22:45","modified_gmt":"2022-05-24T10:22:45","slug":"a-propos-de","status":"publish","type":"page","link":"https:\/\/anthony-tn.com\/en\/a-propos-de","title":{"rendered":"About"},"content":{"rendered":"<div class=\"wp-block-columns is-layout-flex wp-container-core-columns-is-layout-9d6595d7 wp-block-columns-is-layout-flex\">\n<div class=\"wp-block-column is-layout-flow wp-block-column-is-layout-flow\">\n<div class=\"wp-block-image is-style-default\"><figure class=\"aligncenter size-medium\"><img loading=\"lazy\" decoding=\"async\" width=\"240\" height=\"300\" src=\"https:\/\/anthony-tn.com\/wp-content\/uploads\/2021\/06\/ATN00406-20200328-240x300.jpg\" alt=\"\" class=\"wp-image-2699\" srcset=\"https:\/\/anthony-tn.com\/wp-content\/uploads\/2021\/06\/ATN00406-20200328-240x300.jpg 240w, https:\/\/anthony-tn.com\/wp-content\/uploads\/2021\/06\/ATN00406-20200328-819x1024.jpg 819w, https:\/\/anthony-tn.com\/wp-content\/uploads\/2021\/06\/ATN00406-20200328-768x960.jpg 768w, https:\/\/anthony-tn.com\/wp-content\/uploads\/2021\/06\/ATN00406-20200328-1229x1536.jpg 1229w, https:\/\/anthony-tn.com\/wp-content\/uploads\/2021\/06\/ATN00406-20200328-1638x2048.jpg 1638w, https:\/\/anthony-tn.com\/wp-content\/uploads\/2021\/06\/ATN00406-20200328-scaled.jpg 2048w\" sizes=\"auto, (max-width: 240px) 100vw, 240px\" \/><\/figure><\/div>\n<\/div>\n\n\n\n<div class=\"wp-block-column is-layout-flow wp-block-column-is-layout-flow\">\n<p>Professional freelance photographer, based in Hauts-de-Seine, \u00cele-de-France.&nbsp;<\/p>\n\n\n\n<p>I am creative and passionate.<\/p>\n\n\n\n<p>I am creative because I am always looking to create new things, I don't like to stand still and I am always looking to learn new techniques.&nbsp;<\/p>\n\n\n\n<p>Passionate, because the fact that I chose to work as a photographer in addition to my job as an IT executive was not an easy choice, because it requires of course personal sacrifices. But it was taken because photography is also a pleasure to practice.<\/p>\n<\/div>\n<\/div>\n\n\n\n<figure class=\"wp-block-pullquote has-small-font-size\" style=\"font-style:normal;font-weight:100\"><blockquote><p>Photography is a bit like writing a biography. Except that instead of using words, we use images. So for me it's about telling a story through my lenses.\u00a0<\/p><p class=\"translation-block\">For more information, do not hesitate to <a href=\"https:\/\/anthony-tn.com\/en\/contact\/\" target=\"_self\">contact <\/a> me !<\/p><cite>A bient\u00f4t,<br>Anthony.<\/cite><\/blockquote><\/figure>","protected":false},"excerpt":{"rendered":"<p>Photographe professionnel free-lance, bas\u00e9 en Hauts-de-Seine, \u00cele-de-France.&nbsp; Je suis cr\u00e9atif et passionn\u00e9. Cr\u00e9atif car je cherche constamment \u00e0 cr\u00e9er de nouvelles choses, je n&rsquo;aime pas rester sur mes acquis et je veille toujours \u00e0 apprendre de nouvelles techniques.&nbsp; Passionn\u00e9, car le fait d&rsquo;avoir choisi de travailler en tant que photographe en plus de mon m\u00e9tier<a href=\"https:\/\/anthony-tn.com\/en\/a-propos-de\" rel=\"bookmark\">Read More &raquo;<span class=\"screen-reader-text\">About<\/span><\/a><\/p>","protected":false},"author":1,"featured_media":0,"parent":0,"menu_order":0,"comment_status":"closed","ping_status":"closed","template":"","meta":{"neve_meta_sidebar":"","neve_meta_container":"","neve_meta_enable_content_width":"off","neve_meta_content_width":0,"neve_meta_title_alignment":"","neve_meta_author_avatar":"","neve_post_elements_order":"","neve_meta_disable_header":"","neve_meta_disable_footer":"","neve_meta_disable_title":"","footnotes":""},"class_list":["post-22","page","type-page","status-publish","hentry"],"yoast_head":"<!-- This site is optimized with the Yoast SEO plugin v27.5 - https:\/\/yoast.com\/product\/yoast-seo-wordpress\/ -->\n<title>A propos - Anthony Tn<\/title>\n<meta name=\"description\" content=\"anthony tn anthonytn anthony-tn photographie photographie photography photo mariage portrait studio\" \/>\n<meta name=\"robots\" content=\"index, follow, max-snippet:-1, max-image-preview:large, max-video-preview:-1\" \/>\n<link rel=\"canonical\" href=\"https:\/\/anthony-tn.com\/en\/a-propos-de\/\" \/>\n<meta property=\"og:locale\" content=\"en_US\" \/>\n<meta property=\"og:type\" content=\"article\" \/>\n<meta property=\"og:title\" content=\"A propos - Anthony Tn\" \/>\n<meta property=\"og:description\" content=\"anthony tn anthonytn anthony-tn photographie photographie photography photo mariage portrait studio\" \/>\n<meta property=\"og:url\" content=\"https:\/\/anthony-tn.com\/en\/a-propos-de\/\" \/>\n<meta property=\"og:site_name\" content=\"Anthony Tn\" \/>\n<meta property=\"article:modified_time\" content=\"2022-05-24T10:22:45+00:00\" \/>\n<meta property=\"og:image\" content=\"https:\/\/anthony-tn.com\/wp-content\/uploads\/2021\/06\/ATN00406-20200328-240x300.jpg\" \/>\n<meta name=\"twitter:card\" content=\"summary_large_image\" \/>\n<meta name=\"twitter:label1\" content=\"Est. reading time\" \/>\n\t<meta name=\"twitter:data1\" content=\"1 minute\" \/>\n<script type=\"application\/ld+json\" class=\"yoast-schema-graph\">{\"@context\":\"https:\\\/\\\/schema.org\",\"@graph\":[{\"@type\":\"WebPage\",\"@id\":\"https:\\\/\\\/anthony-tn.com\\\/a-propos-de\",\"url\":\"https:\\\/\\\/anthony-tn.com\\\/a-propos-de\",\"name\":\"A propos - Anthony Tn\",\"isPartOf\":{\"@id\":\"https:\\\/\\\/anthony-tn.com\\\/#website\"},\"primaryImageOfPage\":{\"@id\":\"https:\\\/\\\/anthony-tn.com\\\/a-propos-de#primaryimage\"},\"image\":{\"@id\":\"https:\\\/\\\/anthony-tn.com\\\/a-propos-de#primaryimage\"},\"thumbnailUrl\":\"https:\\\/\\\/anthony-tn.com\\\/wp-content\\\/uploads\\\/2021\\\/06\\\/ATN00406-20200328-240x300.jpg\",\"datePublished\":\"2018-09-27T20:05:54+00:00\",\"dateModified\":\"2022-05-24T10:22:45+00:00\",\"description\":\"anthony tn anthonytn anthony-tn photographie photographie photography photo mariage portrait studio\",\"breadcrumb\":{\"@id\":\"https:\\\/\\\/anthony-tn.com\\\/a-propos-de#breadcrumb\"},\"inLanguage\":\"en-US\",\"potentialAction\":[{\"@type\":\"ReadAction\",\"target\":[\"https:\\\/\\\/anthony-tn.com\\\/a-propos-de\"]}]},{\"@type\":\"ImageObject\",\"inLanguage\":\"en-US\",\"@id\":\"https:\\\/\\\/anthony-tn.com\\\/a-propos-de#primaryimage\",\"url\":\"https:\\\/\\\/anthony-tn.com\\\/wp-content\\\/uploads\\\/2021\\\/06\\\/ATN00406-20200328-240x300.jpg\",\"contentUrl\":\"https:\\\/\\\/anthony-tn.com\\\/wp-content\\\/uploads\\\/2021\\\/06\\\/ATN00406-20200328-240x300.jpg\"},{\"@type\":\"BreadcrumbList\",\"@id\":\"https:\\\/\\\/anthony-tn.com\\\/a-propos-de#breadcrumb\",\"itemListElement\":[{\"@type\":\"ListItem\",\"position\":1,\"name\":\"Accueil\",\"item\":\"https:\\\/\\\/anthony-tn.com\\\/\"},{\"@type\":\"ListItem\",\"position\":2,\"name\":\"A propos\"}]},{\"@type\":\"WebSite\",\"@id\":\"https:\\\/\\\/anthony-tn.com\\\/#website\",\"url\":\"https:\\\/\\\/anthony-tn.com\\\/\",\"name\":\"Anthony Tn - Photography\",\"description\":\"Photographe pour votre \u00e9v\u00e9nement\",\"potentialAction\":[{\"@type\":\"SearchAction\",\"target\":{\"@type\":\"EntryPoint\",\"urlTemplate\":\"https:\\\/\\\/anthony-tn.com\\\/?s={search_term_string}\"},\"query-input\":{\"@type\":\"PropertyValueSpecification\",\"valueRequired\":true,\"valueName\":\"search_term_string\"}}],\"inLanguage\":\"en-US\"}]}<\/script>\n<!-- \/ Yoast SEO plugin. -->","yoast_head_json":{"title":"A propos - Anthony Tn","description":"anthony tn anthonytn anthony-tn photographie photographie photography photo mariage portrait studio","robots":{"index":"index","follow":"follow","max-snippet":"max-snippet:-1","max-image-preview":"max-image-preview:large","max-video-preview":"max-video-preview:-1"},"canonical":"https:\/\/anthony-tn.com\/en\/a-propos-de\/","og_locale":"en_US","og_type":"article","og_title":"A propos - Anthony Tn","og_description":"anthony tn anthonytn anthony-tn photographie photographie photography photo mariage portrait studio","og_url":"https:\/\/anthony-tn.com\/en\/a-propos-de\/","og_site_name":"Anthony Tn","article_modified_time":"2022-05-24T10:22:45+00:00","og_image":[{"url":"https:\/\/anthony-tn.com\/wp-content\/uploads\/2021\/06\/ATN00406-20200328-240x300.jpg","type":"","width":"","height":""}],"twitter_card":"summary_large_image","twitter_misc":{"Est. reading time":"1 minute"},"schema":{"@context":"https:\/\/schema.org","@graph":[{"@type":"WebPage","@id":"https:\/\/anthony-tn.com\/a-propos-de","url":"https:\/\/anthony-tn.com\/a-propos-de","name":"A propos - Anthony Tn","isPartOf":{"@id":"https:\/\/anthony-tn.com\/#website"},"primaryImageOfPage":{"@id":"https:\/\/anthony-tn.com\/a-propos-de#primaryimage"},"image":{"@id":"https:\/\/anthony-tn.com\/a-propos-de#primaryimage"},"thumbnailUrl":"https:\/\/anthony-tn.com\/wp-content\/uploads\/2021\/06\/ATN00406-20200328-240x300.jpg","datePublished":"2018-09-27T20:05:54+00:00","dateModified":"2022-05-24T10:22:45+00:00","description":"anthony tn anthonytn anthony-tn photographie photographie photography photo mariage portrait studio","breadcrumb":{"@id":"https:\/\/anthony-tn.com\/a-propos-de#breadcrumb"},"inLanguage":"en-US","potentialAction":[{"@type":"ReadAction","target":["https:\/\/anthony-tn.com\/a-propos-de"]}]},{"@type":"ImageObject","inLanguage":"en-US","@id":"https:\/\/anthony-tn.com\/a-propos-de#primaryimage","url":"https:\/\/anthony-tn.com\/wp-content\/uploads\/2021\/06\/ATN00406-20200328-240x300.jpg","contentUrl":"https:\/\/anthony-tn.com\/wp-content\/uploads\/2021\/06\/ATN00406-20200328-240x300.jpg"},{"@type":"BreadcrumbList","@id":"https:\/\/anthony-tn.com\/a-propos-de#breadcrumb","itemListElement":[{"@type":"ListItem","position":1,"name":"Accueil","item":"https:\/\/anthony-tn.com\/"},{"@type":"ListItem","position":2,"name":"A propos"}]},{"@type":"WebSite","@id":"https:\/\/anthony-tn.com\/#website","url":"https:\/\/anthony-tn.com\/","name":"Anthony Tn - Photography","description":"Photographe pour votre \u00e9v\u00e9nement","potentialAction":[{"@type":"SearchAction","target":{"@type":"EntryPoint","urlTemplate":"https:\/\/anthony-tn.com\/?s={search_term_string}"},"query-input":{"@type":"PropertyValueSpecification","valueRequired":true,"valueName":"search_term_string"}}],"inLanguage":"en-US"}]}},"_links":{"self":[{"href":"https:\/\/anthony-tn.com\/en\/wp-json\/wp\/v2\/pages\/22","targetHints":{"allow":["GET"]}}],"collection":[{"href":"https:\/\/anthony-tn.com\/en\/wp-json\/wp\/v2\/pages"}],"about":[{"href":"https:\/\/anthony-tn.com\/en\/wp-json\/wp\/v2\/types\/page"}],"author":[{"embeddable":true,"href":"https:\/\/anthony-tn.com\/en\/wp-json\/wp\/v2\/users\/1"}],"replies":[{"embeddable":true,"href":"https:\/\/anthony-tn.com\/en\/wp-json\/wp\/v2\/comments?post=22"}],"version-history":[{"count":34,"href":"https:\/\/anthony-tn.com\/en\/wp-json\/wp\/v2\/pages\/22\/revisions"}],"predecessor-version":[{"id":2847,"href":"https:\/\/anthony-tn.com\/en\/wp-json\/wp\/v2\/pages\/22\/revisions\/2847"}],"wp:attachment":[{"href":"https:\/\/anthony-tn.com\/en\/wp-json\/wp\/v2\/media?parent=22"}],"curies":[{"name":"wp","href":"https:\/\/api.w.org\/{rel}","templated":true}]}}